{"id":180,"date":"2022-08-27T12:42:49","date_gmt":"2022-08-27T11:42:49","guid":{"rendered":"http:\/\/arbouserecordings.com\/prilezitostne-seznamky-recenze-zadne-hry-ani-platby\/"},"modified":"2022-08-27T12:42:49","modified_gmt":"2022-08-27T11:42:49","slug":"prilezitostne-seznamky-recenze-zadne-hry-ani-platby","status":"publish","type":"page","link":"https:\/\/arbouserecordings.com\/cs\/","title":{"rendered":"P\u0159\u00edle\u017eitostn\u00e9 Seznamky Recenze (\u017d\u00e1dn\u00e9 hry ani platby)"},"content":{"rendered":"<h1>P\u0159\u00edle\u017eitostn\u00e9 Seznamky Recenze (\u017d\u00e1dn\u00e9 hry ani platby)<\/h1>\n<p>Nejlep\u0161\u00ed online seznamovac\u00ed str\u00e1nky jsou ty, kter\u00e9 v\u00e1m nab\u00edzej\u00ed n\u011bco jedine\u010dn\u00e9ho ve srovn\u00e1n\u00ed s ostatn\u00edmi. Poskytuj\u00ed v\u00e1m v\u011bt\u0161\u00ed \u0161anci setkat se s n\u011bk\u00fdm zvl\u00e1\u0161tn\u00edm, proto\u017ee se staraj\u00ed konkr\u00e9tn\u011b o to, co chcete od partnera. Ka\u017ed\u00fd web nab\u00edz\u00ed r\u016fzn\u00e9 funkce, jako jsou chatovac\u00ed m\u00edstnosti, videohovory a ud\u00e1losti. N\u011bkter\u00e9 v\u00e1m dokonce umo\u017e\u0148uj\u00ed naj\u00edt l\u00e1sku p\u0159i cestov\u00e1n\u00ed. P\u0159e\u010dt\u011bte si na\u0161e recenze a vyberte si ten, kter\u00fd v\u00e1m nejl\u00e9pe vyhovuje!<\/p>\n<p>Nud\u00ed v\u00e1s sna\u017eit se naj\u00edt l\u00e1sku se v\u0161emi b\u011b\u017en\u00fdmi seznamovac\u00edmi aplikacemi? Usnadnili jsme to!<\/p>\n<h2>M\u011bli byste pou\u017e\u00edvat seznamovac\u00ed aplikace pro p\u0159\u00edle\u017eitostnou z\u00e1bavu?<\/h2>\n<p>P\u0159ipojen\u00ed jsou skv\u011bl\u00e1, proto\u017ee jsou rychl\u00e1, levn\u00e1 a anonymn\u00ed. Ale p\u0159ipojen\u00ed nen\u00ed pro ka\u017ed\u00e9ho. N\u011bkte\u0159\u00ed lid\u00e9 d\u00e1vaj\u00ed p\u0159ednost datov\u00e1n\u00ed m\u00edsto toho.<\/p>\n<p>Pokud nem\u00e1te z\u00e1jem o datov\u00e1n\u00ed, existuje spousta alternativ k online seznamovac\u00edm str\u00e1nk\u00e1m. Pod\u00edvejte se na tyto mo\u017enosti:<\/p>\n<ul>\n<li>Meetup skupiny &#8211; Jedn\u00e1 se o m\u00edstn\u00ed setk\u00e1n\u00ed, kde \u010dlenov\u00e9 obvykle sd\u00edlej\u00ed z\u00e1jmy. \u010casto organizuj\u00ed akce, ve\u010d\u00edrky a ve\u010de\u0159e.<\/li>\n<li>Soci\u00e1ln\u00ed m\u00e9dia &#8211; Existuje spousta webov\u00fdch str\u00e1nek soci\u00e1ln\u00edch s\u00edt\u00ed, kter\u00e9 se staraj\u00ed konkr\u00e9tn\u011b o setk\u00e1n\u00ed s lidmi. Facebook, Twitter, Instagram, Snapchat atd.<\/li>\n<li>Seznamovac\u00ed aplikace &#8211; Tinder, Bumble, Happn, OkCupid atd.<\/li>\n<li>Online personals \u2013 Craigslist, eHarmony, Match.com, PlentyOfFish atd.<\/li>\n<li>M\u00edstn\u00ed bary \/ kluby &#8211; Bary a kluby obvykle maj\u00ed singles noci.<\/li>\n<\/ul>\n<p>Existuje mnoho zp\u016fsob\u016f, jak naj\u00edt data, a\u0165 u\u017e hled\u00e1te p\u0159\u00edle\u017eitostn\u00fd sex nebo dlouhodob\u00e9 vztahy. A nezapome\u0148te, \u017ee bez ohledu na to, jakou metodu si vyberete, bu\u010fte v bezpe\u010d\u00ed!<\/p>\n<h2>Na\u0161e nejlep\u0161\u00ed tipy<\/h2>\n<p><img loading=\"lazy\" class=\"aligncenter size-large wp-image-38\" src=\"http:\/\/arbouserecordings.com\/wp-content\/uploads\/2022\/08\/online-looking-for-love-1024x683.webp\" alt=\"\" width=\"790\" height=\"527\" srcset=\"https:\/\/arbouserecordings.com\/wp-content\/uploads\/2022\/08\/online-looking-for-love-1024x683.webp 1024w, https:\/\/arbouserecordings.com\/wp-content\/uploads\/2022\/08\/online-looking-for-love-300x200.webp 300w, https:\/\/arbouserecordings.com\/wp-content\/uploads\/2022\/08\/online-looking-for-love-768x512.webp 768w, https:\/\/arbouserecordings.com\/wp-content\/uploads\/2022\/08\/online-looking-for-love.webp 1125w\" sizes=\"(max-width: 790px) 100vw, 790px\" \/><\/p>\n<h2>eHarmony<\/h2>\n<p>S v\u00edce ne\u017e 30 miliony \u010dlen\u016f po cel\u00e9m sv\u011bt\u011b je eHarmony d\u016fv\u011bryhodn\u00fdm jm\u00e9nem ve sv\u011bt\u011b online seznamov\u00e1n\u00ed. Jejich algoritmus p\u00e1rov\u00e1n\u00ed analyzuje stovky osobn\u00edch rys\u016f, v\u010detn\u011b osobnosti, hodnot, z\u00e1jm\u016f, \u00farovn\u011b vzd\u011bl\u00e1n\u00ed, n\u00e1bo\u017eenstv\u00ed a politick\u00fdch n\u00e1zor\u016f, aby v\u00e1m pomohl naj\u00edt dlouhodob\u00fd vztah. Jejich bezplatn\u00e9 \u010dlenstv\u00ed m\u016f\u017eete vyu\u017e\u00edt k prozkoum\u00e1n\u00ed tis\u00edc\u016f profil\u016f a odes\u00edl\u00e1n\u00ed zpr\u00e1v potenci\u00e1ln\u00edm prot\u011bj\u0161k\u016fm. Pokud jste p\u0159ipraveni j\u00edt je\u0161t\u011b d\u00e1l, upgradujte na pr\u00e9miov\u00e9 \u010dlenstv\u00ed a u\u017e\u00edvejte si dal\u0161\u00edch v\u00fdhod, jako je p\u0159\u00edstup k neomezen\u00fdm z\u00e1pas\u016fm a zas\u00edl\u00e1n\u00ed zpr\u00e1v.<\/p>\n<h3>Hled\u00e1m (Sugar Dating)<\/h3>\n<p>Pokud hled\u00e1te v\u00e1\u017en\u00fd vztah, Hled\u00e1n\u00ed je m\u00edsto, kam j\u00edt. S miliony \u010dlen\u016f po cel\u00e9m sv\u011bt\u011b je to nejv\u011bt\u0161\u00ed seznamovac\u00ed s\u00ed\u0165 na sv\u011bt\u011b. Web umo\u017e\u0148uje proch\u00e1zet profily \u010dlen\u016f a nastavovat upozorn\u011bn\u00ed pro lidi, kte\u0159\u00ed spl\u0148uj\u00ed va\u0161e krit\u00e9ria. Kdy\u017e se rozhodnete n\u011bkoho potkat, m\u016f\u017eete si vym\u011b\u0148ovat fotografie a videa prost\u0159ednictv\u00edm webov\u00e9 kamery a textu. Krom\u011b toho m\u016f\u017eete zobrazit sk\u00f3re kompatibility na z\u00e1klad\u011b va\u0161ich preferenc\u00ed a zjistit, jak dob\u0159e si va\u0161e datum vede v porovn\u00e1n\u00ed se zbytkem populace.<\/p>\n<p>Chcete-li se p\u0159ipojit k Seeking, mus\u00edte b\u00fdt docela p\u016fsobiv\u00ed. Mus\u00edte m\u00edt pr\u00e1ci, kde vyd\u011bl\u00e1v\u00e1te dost pen\u011bz, abyste u\u017eivili sebe a v\u00fdznamn\u00e9ho druh\u00e9ho. Oba mus\u00edte b\u00fdt ochotni j\u00edt na rande spole\u010dn\u011b. A mus\u00edte b\u00fdt schopni poskytnout n\u011bjak\u00fd d\u016fkaz o sv\u00e9m p\u0159\u00edjmu. Koneckonc\u016f, nechcete ztr\u00e1cet \u010das nikoho. Jakmile oba projdete po\u010d\u00e1te\u010dn\u00edmi testy, obdr\u017e\u00edte sk\u00f3re na z\u00e1klad\u011b va\u0161\u00ed kompatibility. Va\u0161e sk\u00f3re bude z\u00e1viset na faktorech, jako jsou va\u0161e osobnostn\u00ed rysy, kon\u00ed\u010dky, profesn\u00ed z\u00e1zem\u00ed, \u00farove\u0148 vzd\u011bl\u00e1n\u00ed a dokonce i v\u00e1\u0161 fyzick\u00fd vzhled.<\/p>\n<h3>Troud<\/h3>\n<p>Tinder je dal\u0161\u00ed popul\u00e1rn\u00ed seznamovac\u00ed aplikace, kter\u00e1 v\u00e1s spojuje s nov\u00fdmi lidmi v okol\u00ed. Na rozd\u00edl od OkCupid se v\u0161ak Tinder zam\u011b\u0159uje p\u0159edev\u0161\u00edm na spojen\u00ed s lidmi, kte\u0159\u00ed jsou v\u00e1m fyzicky bl\u00edzc\u00ed. Chcete-li za\u010d\u00edt, st\u00e1hn\u011bte si aplikaci a zaregistrujte si bezplatn\u00fd \u00fa\u010det. Pot\u00e9 zadejte svou aktu\u00e1ln\u00ed polohu a vyberte po\u017eadovan\u00fd rozsah vzd\u00e1lenosti. D\u00e1le odpov\u00edte na \u0159adu ot\u00e1zek t\u00fdkaj\u00edc\u00edch se va\u0161ich preferenc\u00ed, v\u010detn\u011b va\u0161eho v\u011bku, pohlav\u00ed, rasy, n\u00e1bo\u017eenstv\u00ed a sexu\u00e1ln\u00ed orientace. Pokud m\u00e1te z\u00e1jem o n\u011bkoho, kdo \u017eije ve va\u0161em okol\u00ed, m\u016f\u017eete sv\u00e9 vyhled\u00e1v\u00e1n\u00ed je\u0161t\u011b v\u00edce z\u00fa\u017eit v\u00fdb\u011brem preferovan\u00e9ho sousedstv\u00ed. Nakonec uvid\u00edte seznam potenci\u00e1ln\u00edch shod. Klepn\u011bte na ty, kter\u00e9 se v\u00e1m l\u00edb\u00ed, a budete s nimi moci komunikovat prost\u0159ednictv\u00edm textov\u00fdch zpr\u00e1v, hlasov\u00fdch hovor\u016f a videohovor\u016f.<\/p>\n<h3>Zoosk<\/h3>\n<p>Zoosk je jednou z nejpopul\u00e1rn\u011bj\u0161\u00edch seznamovac\u00edch aplikac\u00ed v okol\u00ed. Je to zvl\u00e1\u0161t\u011b dobr\u00e9 pro lidi, kte\u0159\u00ed cht\u011bj\u00ed randit s n\u011bk\u00fdm, kdo sd\u00edl\u00ed jejich hodnoty a p\u0159esv\u011bd\u010den\u00ed. Chcete-li za\u010d\u00edt, mus\u00edte nejprve st\u00e1hnout aplikaci a zaregistrovat \u00fa\u010det. D\u00e1le odpov\u00edte na \u0159adu dotazn\u00edk\u016f, kter\u00e9 v\u00e1m pomohou pochopit va\u0161e vlastn\u00ed hodnoty a p\u0159esv\u011bd\u010den\u00ed. Pot\u00e9 budete m\u00edt p\u0159\u00edle\u017eitost prozkoumat r\u016fzn\u00e9 kategorie, v\u010detn\u011b politiky, n\u00e1bo\u017eenstv\u00ed, kari\u00e9ry a dal\u0161\u00edch. Kdy\u017e najdete n\u011bkoho, kdo sd\u00edl\u00ed va\u0161e hodnoty a v\u011b\u0159\u00ed, m\u016f\u017eete p\u0159ejet prstem doleva nebo doprava a ozna\u010dit, zda byste ho cht\u011bli jako p\u0159\u00edtele nebo potenci\u00e1ln\u00edho partnera.<\/p>\n<h3>Ashley Madisonov\u00e1<\/h3>\n<p>AshleyMadison.com je online seznamka, kter\u00e1 se star\u00e1 o \u017eenat\u00e9 lidi, kte\u0159\u00ed hledaj\u00ed af\u00e9ry. Bylo ozn\u00e1meno, \u017ee Ashley Madison m\u011bla v\u00edce ne\u017e 30 milion\u016f \u010dlen\u016f po cel\u00e9m sv\u011bt\u011b. K dispozici je n\u011bkolik typ\u016f pl\u00e1n\u016f \u010dlenstv\u00ed. Jeden z nich se naz\u00fdv\u00e1 &#8222;Zlat\u00e9 \u010dlenstv\u00ed&#8220;. Tento pl\u00e1n stoj\u00ed $ 59.99 \/ m\u011bs\u00edc. Tento pl\u00e1n umo\u017e\u0148uje p\u0159\u00edstup na web 24 hodin denn\u011b 7 dn\u00ed v t\u00fddnu. Pokud se rozhodnete p\u0159edplatn\u00e9 zru\u0161it, obdr\u017e\u00edte refundaci do 60 dn\u016f.<\/p>\n<p>Krom\u011b poskytov\u00e1n\u00ed sv\u00fdch slu\u017eeb \u017eenat\u00fdm lidem nab\u00edz\u00ed Ashley Madison \u0159adu funkc\u00ed, jako jsou chatovac\u00ed m\u00edstnosti, f\u00f3ra, blogy, fotoalba, videoklipy, webov\u00e9 kamery, mobiln\u00ed aplikace a e-mailov\u00e9 \u00fa\u010dty.<\/p>\n<p>V\u0161ichni u\u017eivatel\u00e9 si zaregistruj\u00ed bezplatn\u00fd zku\u0161ebn\u00ed \u00fa\u010det. Po dokon\u010den\u00ed registra\u010dn\u00edho procesu obdr\u017e\u00edte u\u017eivatelsk\u00e9 jm\u00e9no a heslo. Po registraci budete po\u017e\u00e1d\u00e1ni o vypln\u011bn\u00ed profilu. Zde m\u016f\u017eete p\u0159idat informace o sob\u011b. Kdy\u017e se p\u0159ihl\u00e1s\u00edte, uvid\u00edte sv\u016fj \u0159\u00eddic\u00ed panel. Zde si m\u016f\u017eete prohl\u00ed\u017eet sv\u00e9 zpr\u00e1vy, pos\u00edlat e-maily, vyhled\u00e1vat profily, proch\u00e1zet obr\u00e1zky \u010dlen\u016f a mnoho dal\u0161\u00edho.<\/p>\n<h2>Nejlep\u0161\u00ed pro p\u0159\u00edle\u017eitostn\u00fd sex &#8211; Adult Friend Finder<\/h2>\n<p>AdultFriendFinder je nejv\u011bt\u0161\u00ed sexu\u00e1ln\u00ed a vztahov\u00e1 webov\u00e1 str\u00e1nka na sv\u011bt\u011b. V sou\u010dasn\u00e9 dob\u011b je na webu v\u00edce ne\u017e 10 milion\u016f registrovan\u00fdch u\u017eivatel\u016f.<\/p>\n<p>Odhaduje se, \u017ee v\u00edce ne\u017e 50% t\u011bchto u\u017eivatel\u016f jsou svobodn\u00ed mu\u017ei, kte\u0159\u00ed hledaj\u00ed \u017eenskou spole\u010dnost. Dal\u0161\u00edch 40% jsou man\u017eelsk\u00e9 p\u00e1ry, kter\u00e9 hledaj\u00ed diskr\u00e9tn\u00ed z\u00e1le\u017eitosti. A zb\u00fdvaj\u00edc\u00edch 10% jsou bu\u010f gayov\u00e9 nebo lesbi\u010dky, kte\u0159\u00ed hledaj\u00ed romantick\u00e9 vztahy.<\/p>\n<h3>Jak AFF p\u016fsob\u00ed?<\/h3>\n<p>Kdy\u017e se zaregistrujete do AdultFriendFinder, obdr\u017e\u00edte u\u017eivatelsk\u00e9 jm\u00e9no a heslo. To v\u00e1m umo\u017en\u00ed p\u0159\u00edstup do soukrom\u00e9 \u010dlensk\u00e9 oblasti webu.<\/p>\n<p>Zde uvid\u00edte seznam v\u0161ech \u010dlen\u016f, kte\u0159\u00ed jsou aktu\u00e1ln\u011b online. \u010cleny m\u016f\u017eete vyhled\u00e1vat na z\u00e1klad\u011b polohy, pohlav\u00ed, z\u00e1jm\u016f, sexu\u00e1ln\u00ed orientace a mnoho dal\u0161\u00edho.<\/p>\n<p>Pot\u00e9, co najdete potenci\u00e1ln\u00ed shodu, m\u016f\u017eete si navz\u00e1jem pos\u00edlat zpr\u00e1vy p\u0159\u00edmo prost\u0159ednictv\u00edm e-mailu. Pokud se rozhodnete pokra\u010dovat a chatovat, m\u016f\u017eete tak u\u010dinit soukrom\u011b v \u010dlensk\u00e9 oblasti.<\/p>\n<p>M\u016f\u017eete si tak\u00e9 prohl\u00ed\u017eet obr\u00e1zky a videa ostatn\u00edch \u010dlen\u016f. Tyto obr\u00e1zky a videa m\u016f\u017eete hodnotit a zanech\u00e1vat koment\u00e1\u0159e.<\/p>\n<p>K dispozici jsou tak\u00e9 f\u00f3ra, kde m\u016f\u017eete diskutovat o t\u00e9matech souvisej\u00edc\u00edch s l\u00e1skou, sexem a vztahy.<\/p>\n<h3>Nechte se zaregistrovat<\/h3>\n<p>Je to \u00fa\u017easn\u00e1 volba pro nalezen\u00ed p\u0159\u00edle\u017eitostn\u00fdch setk\u00e1n\u00ed. Je to ur\u010dit\u011b lep\u0161\u00ed ne\u017e Craigslist, ale nen\u00ed to zdaleka dokonal\u00e9.<\/p>\n<p>I kdy\u017e se to m\u016f\u017ee zd\u00e1t jako spousta pen\u011bz na zaplacen\u00ed seznamky, v dlouhodob\u00e9m horizontu skute\u010dn\u011b u\u0161et\u0159\u00edte pen\u00edze. Tak\u017ee, pokud se chcete setkat s atraktivn\u00edmi \u017eenami nebo mu\u017ei pro koketn\u00ed konverzace, pak AdultFriendFinder stoj\u00ed za to se pod\u00edvat. Ale pokud chcete n\u011bco v\u00e1\u017en\u00e9ho, m\u011bli byste se pravd\u011bpodobn\u011b dr\u017eet tradi\u010dn\u00edch metod, jako je chozen\u00ed do bar\u016f, klub\u016f nebo kav\u00e1ren.<\/p>\n<h3>Placen\u00e9 vs. zdarma?<\/h3>\n<p>P\u0159ipojen\u00ed jsou skv\u011bl\u00e9 zp\u016fsoby, jak poznat nov\u00e9 lidi. Jsou rychl\u00e9, pohodln\u00e9 a obvykle zdarma. Ale m\u011bli byste platit za p\u0159ipojen\u00ed?<\/p>\n<p>Pokud hled\u00e1te dlouhodob\u00fd vztah, pak ano, platit za p\u0159ipojen\u00ed m\u00e1 smysl. Nicm\u00e9n\u011b, pokud chcete jen naj\u00edt rychl\u00fd fling, pak ne, nem\u011bli byste platit za p\u0159ipojen\u00ed.<\/p>\n<p>Placen\u00ed za p\u0159ipojen\u00ed nestoj\u00ed za to, proto\u017ee v\u011bt\u0161ina mu\u017e\u016f, kte\u0159\u00ed pou\u017e\u00edvaj\u00ed tyto str\u00e1nky, nemysl\u00ed v\u00e1\u017en\u011b o nalezen\u00ed p\u0159\u00edtelkyn\u011b. M\u00edsto toho hledaj\u00ed sex. Tak\u017ee kdy\u017e zaplat\u00edte za p\u0159ipojen\u00ed, ve skute\u010dnosti jim d\u00e1v\u00e1te slevu.<\/p>\n<p>To znamen\u00e1, \u017ee nez\u00edsk\u00e1v\u00e1te kvalitu osoby, kterou byste mohli p\u0159il\u00e1kat prost\u0159ednictv\u00edm online seznamov\u00e1n\u00ed. A proto\u017ee se setk\u00e1v\u00e1te pouze s ciz\u00edmi lidmi, existuje v\u011bt\u0161\u00ed riziko, \u017ee budete podvedeni.<\/p>\n<p>M\u00edsto toho zkuste online seznamovac\u00ed webov\u00e9 str\u00e1nky, kde se m\u016f\u017eete setkat se skute\u010dn\u00fdmi \u017eenami. Tyto str\u00e1nky jsou bezpe\u010dn\u011bj\u0161\u00ed ne\u017e str\u00e1nky p\u0159ipojen\u00ed, proto\u017ee m\u016f\u017eete odfiltrovat \u0161patn\u00e9 hochy. Nav\u00edc se m\u016f\u017eete spojit se \u017eenami na z\u00e1klad\u011b spole\u010dn\u00fdch z\u00e1jm\u016f nam\u00edsto n\u00e1hodn\u00fdch spojen\u00ed.<\/p>\n","protected":false},"excerpt":{"rendered":"<p>P\u0159\u00edle\u017eitostn\u00e9 Seznamky Recenze (\u017d\u00e1dn\u00e9 hry ani platby) Nejlep\u0161\u00ed online seznamovac\u00ed str\u00e1nky jsou ty, kter\u00e9 v\u00e1m nab\u00edzej\u00ed n\u011bco jedine\u010dn\u00e9ho ve srovn\u00e1n\u00ed s ostatn\u00edmi. Poskytuj\u00ed v\u00e1m v\u011bt\u0161\u00ed \u0161anci setkat se s n\u011bk\u00fdm [&hellip;]<\/p>\n","protected":false},"author":1,"featured_media":87,"parent":0,"menu_order":0,"comment_status":"closed","ping_status":"closed","template":"","meta":[],"yoast_head":"<!-- This site is optimized with the Yoast SEO plugin v17.7.1 - https:\/\/yoast.com\/wordpress\/plugins\/seo\/ -->\n<title>P\u0159\u00edle\u017eitostn\u00e9 Seznamky Recenze (\u017d\u00e1dn\u00e9 hry ani platby) - Adult Recordings<\/title>\n<meta name=\"description\" content=\"Meta Popis\" \/>\n<meta name=\"robots\" content=\"index, follow, max-snippet:-1, max-image-preview:large, max-video-preview:-1\" \/>\n<link rel=\"canonical\" href=\"https:\/\/arbouserecordings.com\/cs\/\" \/>\n<meta property=\"og:locale\" content=\"cs_CZ\" \/>\n<meta property=\"og:type\" content=\"article\" \/>\n<meta property=\"og:title\" content=\"P\u0159\u00edle\u017eitostn\u00e9 Seznamky Recenze (\u017d\u00e1dn\u00e9 hry ani platby) - Adult Recordings\" \/>\n<meta property=\"og:description\" content=\"Meta Popis\" \/>\n<meta property=\"og:url\" content=\"https:\/\/arbouserecordings.com\/cs\/\" \/>\n<meta property=\"og:site_name\" content=\"Adult Recordings\" \/>\n<meta property=\"og:image\" content=\"http:\/\/arbouserecordings.com\/wp-content\/uploads\/2022\/08\/best-adult-apps-for-casual-fun.jpeg\" \/>\n\t<meta property=\"og:image:width\" content=\"2250\" \/>\n\t<meta property=\"og:image:height\" content=\"1500\" \/>\n<meta name=\"twitter:card\" content=\"summary_large_image\" \/>\n<meta name=\"twitter:label1\" content=\"Odhadovan\u00e1 doba \u010dten\u00ed\" \/>\n\t<meta name=\"twitter:data1\" content=\"9 minut\" \/>\n<script type=\"application\/ld+json\" class=\"yoast-schema-graph\">{\"@context\":\"https:\/\/schema.org\",\"@graph\":[{\"@type\":\"WebSite\",\"@id\":\"https:\/\/arbouserecordings.com\/#website\",\"url\":\"https:\/\/arbouserecordings.com\/\",\"name\":\"Adult Recordings\",\"description\":\"Online Hookup Reviews\",\"potentialAction\":[{\"@type\":\"SearchAction\",\"target\":{\"@type\":\"EntryPoint\",\"urlTemplate\":\"https:\/\/arbouserecordings.com\/?s={search_term_string}\"},\"query-input\":\"required name=search_term_string\"}],\"inLanguage\":\"cs\"},{\"@type\":\"ImageObject\",\"@id\":\"https:\/\/arbouserecordings.com\/cs\/#primaryimage\",\"inLanguage\":\"cs\",\"url\":\"https:\/\/arbouserecordings.com\/wp-content\/uploads\/2022\/08\/best-adult-apps-for-casual-fun.jpeg\",\"contentUrl\":\"https:\/\/arbouserecordings.com\/wp-content\/uploads\/2022\/08\/best-adult-apps-for-casual-fun.jpeg\",\"width\":2250,\"height\":1500},{\"@type\":\"WebPage\",\"@id\":\"https:\/\/arbouserecordings.com\/cs\/#webpage\",\"url\":\"https:\/\/arbouserecordings.com\/cs\/\",\"name\":\"P\\u0159\\u00edle\\u017eitostn\\u00e9 Seznamky Recenze (\\u017d\\u00e1dn\\u00e9 hry ani platby) - Adult Recordings\",\"isPartOf\":{\"@id\":\"https:\/\/arbouserecordings.com\/#website\"},\"primaryImageOfPage\":{\"@id\":\"https:\/\/arbouserecordings.com\/cs\/#primaryimage\"},\"datePublished\":\"2022-08-27T11:42:49+00:00\",\"dateModified\":\"2022-08-27T11:42:49+00:00\",\"description\":\"Meta Popis\",\"breadcrumb\":{\"@id\":\"https:\/\/arbouserecordings.com\/cs\/#breadcrumb\"},\"inLanguage\":\"cs\",\"potentialAction\":[{\"@type\":\"ReadAction\",\"target\":[\"https:\/\/arbouserecordings.com\/cs\/\"]}]},{\"@type\":\"BreadcrumbList\",\"@id\":\"https:\/\/arbouserecordings.com\/cs\/#breadcrumb\",\"itemListElement\":[{\"@type\":\"ListItem\",\"position\":1,\"name\":\"Home\",\"item\":\"http:\/\/arbouserecordings.com\/cs\/\"},{\"@type\":\"ListItem\",\"position\":2,\"name\":\"P\\u0159\\u00edle\\u017eitostn\\u00e9 Seznamky Recenze (\\u017d\\u00e1dn\\u00e9 hry ani platby)\"}]}]}<\/script>\n<!-- \/ Yoast SEO plugin. -->","yoast_head_json":{"title":"P\u0159\u00edle\u017eitostn\u00e9 Seznamky Recenze (\u017d\u00e1dn\u00e9 hry ani platby) - Adult Recordings","description":"Meta Popis","robots":{"index":"index","follow":"follow","max-snippet":"max-snippet:-1","max-image-preview":"max-image-preview:large","max-video-preview":"max-video-preview:-1"},"canonical":"https:\/\/arbouserecordings.com\/cs\/","og_locale":"cs_CZ","og_type":"article","og_title":"P\u0159\u00edle\u017eitostn\u00e9 Seznamky Recenze (\u017d\u00e1dn\u00e9 hry ani platby) - Adult Recordings","og_description":"Meta Popis","og_url":"https:\/\/arbouserecordings.com\/cs\/","og_site_name":"Adult Recordings","og_image":[{"width":2250,"height":1500,"url":"http:\/\/arbouserecordings.com\/wp-content\/uploads\/2022\/08\/best-adult-apps-for-casual-fun.jpeg","type":"image\/jpeg"}],"twitter_card":"summary_large_image","twitter_misc":{"Odhadovan\u00e1 doba \u010dten\u00ed":"9 minut"},"schema":{"@context":"https:\/\/schema.org","@graph":[{"@type":"WebSite","@id":"https:\/\/arbouserecordings.com\/#website","url":"https:\/\/arbouserecordings.com\/","name":"Adult Recordings","description":"Online Hookup Reviews","potentialAction":[{"@type":"SearchAction","target":{"@type":"EntryPoint","urlTemplate":"https:\/\/arbouserecordings.com\/?s={search_term_string}"},"query-input":"required name=search_term_string"}],"inLanguage":"cs"},{"@type":"ImageObject","@id":"https:\/\/arbouserecordings.com\/cs\/#primaryimage","inLanguage":"cs","url":"https:\/\/arbouserecordings.com\/wp-content\/uploads\/2022\/08\/best-adult-apps-for-casual-fun.jpeg","contentUrl":"https:\/\/arbouserecordings.com\/wp-content\/uploads\/2022\/08\/best-adult-apps-for-casual-fun.jpeg","width":2250,"height":1500},{"@type":"WebPage","@id":"https:\/\/arbouserecordings.com\/cs\/#webpage","url":"https:\/\/arbouserecordings.com\/cs\/","name":"P\u0159\u00edle\u017eitostn\u00e9 Seznamky Recenze (\u017d\u00e1dn\u00e9 hry ani platby) - Adult Recordings","isPartOf":{"@id":"https:\/\/arbouserecordings.com\/#website"},"primaryImageOfPage":{"@id":"https:\/\/arbouserecordings.com\/cs\/#primaryimage"},"datePublished":"2022-08-27T11:42:49+00:00","dateModified":"2022-08-27T11:42:49+00:00","description":"Meta Popis","breadcrumb":{"@id":"https:\/\/arbouserecordings.com\/cs\/#breadcrumb"},"inLanguage":"cs","potentialAction":[{"@type":"ReadAction","target":["https:\/\/arbouserecordings.com\/cs\/"]}]},{"@type":"BreadcrumbList","@id":"https:\/\/arbouserecordings.com\/cs\/#breadcrumb","itemListElement":[{"@type":"ListItem","position":1,"name":"Home","item":"http:\/\/arbouserecordings.com\/cs\/"},{"@type":"ListItem","position":2,"name":"P\u0159\u00edle\u017eitostn\u00e9 Seznamky Recenze (\u017d\u00e1dn\u00e9 hry ani platby)"}]}]}},"_links":{"self":[{"href":"https:\/\/arbouserecordings.com\/cs\/wp-json\/wp\/v2\/pages\/180"}],"collection":[{"href":"https:\/\/arbouserecordings.com\/cs\/wp-json\/wp\/v2\/pages"}],"about":[{"href":"https:\/\/arbouserecordings.com\/cs\/wp-json\/wp\/v2\/types\/page"}],"author":[{"embeddable":true,"href":"https:\/\/arbouserecordings.com\/cs\/wp-json\/wp\/v2\/users\/1"}],"replies":[{"embeddable":true,"href":"https:\/\/arbouserecordings.com\/cs\/wp-json\/wp\/v2\/comments?post=180"}],"version-history":[{"count":0,"href":"https:\/\/arbouserecordings.com\/cs\/wp-json\/wp\/v2\/pages\/180\/revisions"}],"wp:featuredmedia":[{"embeddable":true,"href":"https:\/\/arbouserecordings.com\/cs\/wp-json\/wp\/v2\/media\/87"}],"wp:attachment":[{"href":"https:\/\/arbouserecordings.com\/cs\/wp-json\/wp\/v2\/media?parent=180"}],"curies":[{"name":"wp","href":"https:\/\/api.w.org\/{rel}","templated":true}]}}